{"id":8,"date":"2025-02-28T10:45:56","date_gmt":"2025-02-28T09:45:56","guid":{"rendered":"https:\/\/spos-aix.fr\/?page_id=8"},"modified":"2025-07-07T19:49:00","modified_gmt":"2025-07-07T17:49:00","slug":"accueil","status":"publish","type":"page","link":"https:\/\/spos-aix.fr\/","title":{"rendered":"Accueil"},"content":{"rendered":"\t\t<div data-elementor-type=\"wp-page\" data-elementor-id=\"8\" class=\"elementor elementor-8\">\n\t\t\t\t<div class=\"elementor-element elementor-element-2d9326e e-con-full e-flex e-con e-parent\" data-id=\"2d9326e\" data-element_type=\"container\" data-core-v316-plus=\"true\">\n\t\t\t\t<div class=\"elementor-element elementor-element-04bf938 elementor-widget elementor-widget-text-editor\" data-id=\"04bf938\" data-element_type=\"widget\" data-widget_type=\"text-editor.default\">\n\t\t\t\t<div class=\"elementor-widget-container\">\n\t\t\t<style>\/*! elementor - v3.20.0 - 20-03-2024 *\/\n.elementor-widget-text-editor.elementor-drop-cap-view-stacked .elementor-drop-cap{background-color:#69727d;color:#fff}.elementor-widget-text-editor.elementor-drop-cap-view-framed .elementor-drop-cap{color:#69727d;border:3px solid;background-color:transparent}.elementor-widget-text-editor:not(.elementor-drop-cap-view-default) .elementor-drop-cap{margin-top:8px}.elementor-widget-text-editor:not(.elementor-drop-cap-view-default) .elementor-drop-cap-letter{width:1em;height:1em}.elementor-widget-text-editor .elementor-drop-cap{float:left;text-align:center;line-height:1;font-size:50px}.elementor-widget-text-editor .elementor-drop-cap-letter{display:inline-block}<\/style>\t\t\t\tF\u00e9d\u00e9rer les<br>\nchirurgiens-dentistes <br>\nautour de l\u2019excellence<br>\net du partage\t\t\t\t\t\t<\/div>\n\t\t\t\t<\/div>\n\t\t\t\t<div class=\"elementor-element elementor-element-9da7f38 elementor-widget__width-initial elementor-absolute elementor-widget elementor-widget-image\" data-id=\"9da7f38\" data-element_type=\"widget\" data-settings=\"{&quot;_position&quot;:&quot;absolute&quot;,&quot;ep_floating_effects_show&quot;:&quot;yes&quot;,&quot;ep_floating_effects_translate_toggle&quot;:&quot;yes&quot;,&quot;ep_floating_effects_translate_x&quot;:{&quot;unit&quot;:&quot;px&quot;,&quot;size&quot;:&quot;&quot;,&quot;sizes&quot;:{&quot;from&quot;:0,&quot;to&quot;:0}},&quot;ep_floating_effects_translate_y&quot;:{&quot;unit&quot;:&quot;px&quot;,&quot;size&quot;:&quot;&quot;,&quot;sizes&quot;:{&quot;from&quot;:0,&quot;to&quot;:30}},&quot;ep_floating_effects_translate_duration&quot;:{&quot;unit&quot;:&quot;px&quot;,&quot;size&quot;:1000,&quot;sizes&quot;:[]},&quot;ep_floating_effects_translate_delay&quot;:{&quot;unit&quot;:&quot;px&quot;,&quot;size&quot;:&quot;&quot;,&quot;sizes&quot;:[]},&quot;ep_floating_effects_easing&quot;:&quot;easeInOutQuad&quot;}\" data-widget_type=\"image.default\">\n\t\t\t\t<div class=\"elementor-widget-container\">\n\t\t\t<style>\/*! elementor - v3.20.0 - 20-03-2024 *\/\n.elementor-widget-image{text-align:center}.elementor-widget-image a{display:inline-block}.elementor-widget-image a img[src$=\".svg\"]{width:48px}.elementor-widget-image img{vertical-align:middle;display:inline-block}<\/style>\t\t\t\t\t\t\t\t\t\t<img fetchpriority=\"high\" decoding=\"async\" width=\"409\" height=\"487\" src=\"https:\/\/spos-aix.fr\/wp-content\/uploads\/2025\/03\/Group-3.png\" class=\"attachment-large size-large wp-image-24\" alt=\"\" srcset=\"https:\/\/spos-aix.fr\/wp-content\/uploads\/2025\/03\/Group-3.png 409w, https:\/\/spos-aix.fr\/wp-content\/uploads\/2025\/03\/Group-3-252x300.png 252w\" sizes=\"(max-width: 409px) 100vw, 409px\" \/>\t\t\t\t\t\t\t\t\t\t\t\t\t<\/div>\n\t\t\t\t<\/div>\n\t\t\t\t<div class=\"elementor-element elementor-element-ad55077 elementor-widget__width-initial elementor-absolute elementor-widget elementor-widget-image\" data-id=\"ad55077\" data-element_type=\"widget\" data-settings=\"{&quot;_position&quot;:&quot;absolute&quot;}\" data-widget_type=\"image.default\">\n\t\t\t\t<div class=\"elementor-widget-container\">\n\t\t\t\t\t\t\t\t\t\t\t\t\t<img decoding=\"async\" width=\"370\" height=\"360\" src=\"https:\/\/spos-aix.fr\/wp-content\/uploads\/2025\/03\/enis-yavuz-4u2fG9mqGvQ-unsplash-1.png\" class=\"attachment-large size-large wp-image-23\" alt=\"\" srcset=\"https:\/\/spos-aix.fr\/wp-content\/uploads\/2025\/03\/enis-yavuz-4u2fG9mqGvQ-unsplash-1.png 370w, https:\/\/spos-aix.fr\/wp-content\/uploads\/2025\/03\/enis-yavuz-4u2fG9mqGvQ-unsplash-1-300x292.png 300w\" sizes=\"(max-width: 370px) 100vw, 370px\" \/>\t\t\t\t\t\t\t\t\t\t\t\t\t<\/div>\n\t\t\t\t<\/div>\n\t\t\t\t<div class=\"elementor-element elementor-element-59175dd elementor-widget__width-initial elementor-absolute elementor-widget elementor-widget-image\" data-id=\"59175dd\" data-element_type=\"widget\" data-settings=\"{&quot;_position&quot;:&quot;absolute&quot;,&quot;ep_floating_effects_show&quot;:&quot;yes&quot;,&quot;ep_floating_effects_translate_toggle&quot;:&quot;yes&quot;,&quot;ep_floating_effects_translate_duration&quot;:{&quot;unit&quot;:&quot;px&quot;,&quot;size&quot;:4200,&quot;sizes&quot;:[]},&quot;ep_floating_effects_translate_x&quot;:{&quot;unit&quot;:&quot;px&quot;,&quot;size&quot;:&quot;&quot;,&quot;sizes&quot;:{&quot;from&quot;:0,&quot;to&quot;:0}},&quot;ep_floating_effects_translate_y&quot;:{&quot;unit&quot;:&quot;px&quot;,&quot;size&quot;:&quot;&quot;,&quot;sizes&quot;:{&quot;from&quot;:0,&quot;to&quot;:30}},&quot;ep_floating_effects_translate_delay&quot;:{&quot;unit&quot;:&quot;px&quot;,&quot;size&quot;:&quot;&quot;,&quot;sizes&quot;:[]},&quot;ep_floating_effects_easing&quot;:&quot;easeInOutQuad&quot;}\" data-widget_type=\"image.default\">\n\t\t\t\t<div class=\"elementor-widget-container\">\n\t\t\t\t\t\t\t\t\t\t\t\t\t<img decoding=\"async\" width=\"526\" height=\"439\" src=\"https:\/\/spos-aix.fr\/wp-content\/uploads\/2025\/03\/realistic_dental_10-1.png\" class=\"attachment-large size-large wp-image-22\" alt=\"\" srcset=\"https:\/\/spos-aix.fr\/wp-content\/uploads\/2025\/03\/realistic_dental_10-1.png 526w, https:\/\/spos-aix.fr\/wp-content\/uploads\/2025\/03\/realistic_dental_10-1-300x250.png 300w\" sizes=\"(max-width: 526px) 100vw, 526px\" \/>\t\t\t\t\t\t\t\t\t\t\t\t\t<\/div>\n\t\t\t\t<\/div>\n\t\t\t\t<div class=\"elementor-element elementor-element-081b4b8 elementor-widget__width-initial elementor-absolute elementor-widget elementor-widget-image\" data-id=\"081b4b8\" data-element_type=\"widget\" data-settings=\"{&quot;_position&quot;:&quot;absolute&quot;}\" data-widget_type=\"image.default\">\n\t\t\t\t<div class=\"elementor-widget-container\">\n\t\t\t\t\t\t\t\t\t\t\t\t\t<img loading=\"lazy\" decoding=\"async\" width=\"467\" height=\"514\" src=\"https:\/\/spos-aix.fr\/wp-content\/uploads\/2025\/03\/jose-vazquez-4SUyx4KQ5Ik-unsplash-1.png\" class=\"attachment-large size-large wp-image-21\" alt=\"\" srcset=\"https:\/\/spos-aix.fr\/wp-content\/uploads\/2025\/03\/jose-vazquez-4SUyx4KQ5Ik-unsplash-1.png 467w, https:\/\/spos-aix.fr\/wp-content\/uploads\/2025\/03\/jose-vazquez-4SUyx4KQ5Ik-unsplash-1-273x300.png 273w\" sizes=\"(max-width: 467px) 100vw, 467px\" \/>\t\t\t\t\t\t\t\t\t\t\t\t\t<\/div>\n\t\t\t\t<\/div>\n\t\t\t\t<\/div>\n\t\t<div class=\"elementor-element elementor-element-04c2f1b e-flex e-con-boxed e-con e-parent\" data-id=\"04c2f1b\" data-element_type=\"container\" data-core-v316-plus=\"true\">\n\t\t\t\t\t<div class=\"e-con-inner\">\n\t\t\t\t<div class=\"elementor-element elementor-element-9a95298 elementor-widget elementor-widget-html\" data-id=\"9a95298\" data-element_type=\"widget\" data-widget_type=\"html.default\">\n\t\t\t\t<div class=\"elementor-widget-container\">\n\t\t\t<iframe class=\"iframWeez\" src=\"https:\/\/widget.weezevent.com\/ticket\/8476eec5-bc2a-415e-815b-830a42fef24c?locale=fr-FR&amp;neo=1\" height=\"700\" resize=\"1\" width=\"100%\" frameborder=\"0\" allowfullscreen=\"true\" scrolling=\"auto\" hidepoweredby=\"1\"><\/iframe>\t\t<\/div>\n\t\t\t\t<\/div>\n\t\t\t\t\t<\/div>\n\t\t\t\t<\/div>\n\t\t<div class=\"elementor-element elementor-element-9d7cb90 e-flex e-con-boxed e-con e-parent\" data-id=\"9d7cb90\" data-element_type=\"container\" data-core-v316-plus=\"true\">\n\t\t\t\t\t<div class=\"e-con-inner\">\n\t\t<div class=\"elementor-element elementor-element-7f373c3 e-con-full e-flex e-con e-child\" data-id=\"7f373c3\" data-element_type=\"container\" data-settings=\"{&quot;background_background&quot;:&quot;classic&quot;}\">\n\t\t\t\t<div class=\"elementor-element elementor-element-e53eb39 elementor-widget__width-initial elementor-widget elementor-widget-text-editor\" data-id=\"e53eb39\" data-element_type=\"widget\" data-widget_type=\"text-editor.default\">\n\t\t\t\t<div class=\"elementor-widget-container\">\n\t\t\t\t\t\t\t<p>Notre mission<\/p>\t\t\t\t\t\t<\/div>\n\t\t\t\t<\/div>\n\t\t\t\t<div class=\"elementor-element elementor-element-696c08e elementor-widget elementor-widget-text-editor\" data-id=\"696c08e\" data-element_type=\"widget\" data-widget_type=\"text-editor.default\">\n\t\t\t\t<div class=\"elementor-widget-container\">\n\t\t\t\t\t\t\t<p>Une association \u00e0 taille humaine pour des chirurgiens-dentistes engag\u00e9s<\/p>\t\t\t\t\t\t<\/div>\n\t\t\t\t<\/div>\n\t\t\t\t<\/div>\n\t\t<div class=\"elementor-element elementor-element-f5675c4 e-con-full e-flex e-con e-child\" data-id=\"f5675c4\" data-element_type=\"container\" data-settings=\"{&quot;background_background&quot;:&quot;classic&quot;}\">\n\t\t\t\t<div class=\"elementor-element elementor-element-18dca6a elementor-widget__width-initial elementor-widget elementor-widget-text-editor\" data-id=\"18dca6a\" data-element_type=\"widget\" data-widget_type=\"text-editor.default\">\n\t\t\t\t<div class=\"elementor-widget-container\">\n\t\t\t\t\t\t\t<p>Nos congr\u00e9s<\/p>\t\t\t\t\t\t<\/div>\n\t\t\t\t<\/div>\n\t\t\t\t<div class=\"elementor-element elementor-element-a7f4f69 elementor-widget elementor-widget-text-editor\" data-id=\"a7f4f69\" data-element_type=\"widget\" data-widget_type=\"text-editor.default\">\n\t\t\t\t<div class=\"elementor-widget-container\">\n\t\t\t\t\t\t\t<p>Le Congr\u00e8s SPOS Aix :<\/p><p><a href=\"https:\/\/spos-aix.fr\/wp-content\/uploads\/2025\/07\/formation-frederic-huas-2.pdf\">formation frederic huas\u00a0<\/a><\/p><p><a href=\"https:\/\/my.weezevent.com\/congres-annuel-2?_gl=1*kp4jgt*_gcl_au*MjY3MDQxNjAwLjE3NDczOTc0OTAuMzcyNDQwNTYwLjE3NTE4NzM2MTMuMTc1MTg3MzYxNQ..*_ga*MjA4MDI5NjM0Ny4xNzUxODc1NDc4*_ga_39H9VBFX7G*czE3NTE5MDkxMjQkbzM4JGcxJHQxNzUxOTA5MTQyJGo0MiRsMCRoMzk4NzI5MzE2\">le 9 octobre 2025 chateau de la Pioline<\/a><\/p>\t\t\t\t\t\t<\/div>\n\t\t\t\t<\/div>\n\t\t\t\t<\/div>\n\t\t\t\t\t<\/div>\n\t\t\t\t<\/div>\n\t\t<div class=\"elementor-element elementor-element-21d8454 e-con-full e-flex e-con e-parent\" data-id=\"21d8454\" data-element_type=\"container\" data-core-v316-plus=\"true\">\n\t\t<div class=\"elementor-element elementor-element-ce44180 e-con-full e-flex e-con e-child\" data-id=\"ce44180\" data-element_type=\"container\" data-settings=\"{&quot;background_background&quot;:&quot;classic&quot;}\">\n\t\t<div class=\"elementor-element elementor-element-59ffcca e-grid e-con-full e-con e-child\" data-id=\"59ffcca\" data-element_type=\"container\">\n\t\t<div class=\"elementor-element elementor-element-01c86b5 e-con-full e-flex e-con e-child\" data-id=\"01c86b5\" data-element_type=\"container\">\n\t\t\t\t<div class=\"elementor-element elementor-element-0ac8afd elementor-widget elementor-widget-heading\" data-id=\"0ac8afd\" data-element_type=\"widget\" data-widget_type=\"heading.default\">\n\t\t\t\t<div class=\"elementor-widget-container\">\n\t\t\t<style>\/*! elementor - v3.20.0 - 20-03-2024 *\/\n.elementor-heading-title{padding:0;margin:0;line-height:1}.elementor-widget-heading .elementor-heading-title[class*=elementor-size-]>a{color:inherit;font-size:inherit;line-height:inherit}.elementor-widget-heading .elementor-heading-title.elementor-size-small{font-size:15px}.elementor-widget-heading .elementor-heading-title.elementor-size-medium{font-size:19px}.elementor-widget-heading .elementor-heading-title.elementor-size-large{font-size:29px}.elementor-widget-heading .elementor-heading-title.elementor-size-xl{font-size:39px}.elementor-widget-heading .elementor-heading-title.elementor-size-xxl{font-size:59px}<\/style><h2 class=\"elementor-heading-title elementor-size-default\">Une association \u00e0 taille humaine pour des chirurgiens-dentistes engag\u00e9s<\/h2>\t\t<\/div>\n\t\t\t\t<\/div>\n\t\t\t\t<div class=\"elementor-element elementor-element-0a858d9 elementor-widget elementor-widget-text-editor\" data-id=\"0a858d9\" data-element_type=\"widget\" data-widget_type=\"text-editor.default\">\n\t\t\t\t<div class=\"elementor-widget-container\">\n\t\t\t\t\t\t\t<p>La SPOS, Soci\u00e9t\u00e9 Proven\u00e7ale d&rsquo;Odonto-Stomatologie, association loi 1901, a \u00e9t\u00e9 cr\u00e9\u00e9e en 1973 par un groupe de confr\u00e8res aixois dans le but d&rsquo;\u00e9changer leurs exp\u00e9riences et leurs connaissances.<\/p><p>Constitu\u00e9e comme un groupe de r\u00e9flexion, la SPOS a rapidement invit\u00e9 des conf\u00e9renciers et devient une soci\u00e9t\u00e9 scientifique \u00e0 part enti\u00e8re : transmission du savoir et partage des connaissances.<\/p><p>D\u00e9clar\u00e9e comme organisme de formation en 1999, elle est enregistr\u00e9e au CNFCO en d\u00e9cembre 2004, marquant ainsi sa volont\u00e9 d&rsquo;assurer aux confr\u00e8res d&rsquo;Aix-en-Provence et des alentours, une formation continue de qualit\u00e9.<\/p><p>Actuellement la SPOS dispense r\u00e9guli\u00e8rement une formation vari\u00e9e touchant \u00e0 tous les domaines de la profession, et propose notamment, lors de son congr\u00e8s annuel, une journ\u00e9e compl\u00e8te de formation sur un sujet pr\u00e9cis.<\/p><p>De plus, anim\u00e9e par une volont\u00e9 farouche de confraternit\u00e9 la SPOS cherche \u00e0 d\u00e9velopper les contacts entre confr\u00e8res. Donc au-del\u00e0 de son r\u00f4le scientifique, elle a d\u00e9velopp\u00e9 ces derni\u00e8res ann\u00e9es l&rsquo;aspect convivial et organise des conf\u00e9rences \u00ab d\u00e9localis\u00e9es \u00bb : week end ski, journ\u00e9e golf&#8230;&nbsp;<\/p>\t\t\t\t\t\t<\/div>\n\t\t\t\t<\/div>\n\t\t<div class=\"elementor-element elementor-element-4fb353a e-grid e-con-full e-con e-child\" data-id=\"4fb353a\" data-element_type=\"container\">\n\t\t<div class=\"elementor-element elementor-element-6c39299 e-con-full e-flex e-con e-child\" data-id=\"6c39299\" data-element_type=\"container\">\n\t\t\t\t<div class=\"elementor-element elementor-element-51bf31b elementor-widget elementor-widget-text-editor\" data-id=\"51bf31b\" data-element_type=\"widget\" data-widget_type=\"text-editor.default\">\n\t\t\t\t<div class=\"elementor-widget-container\">\n\t\t\t\t\t\t\t<p>Apprendre et partager dans une atmosph\u00e8re chaleureuse.<\/p>\t\t\t\t\t\t<\/div>\n\t\t\t\t<\/div>\n\t\t<div class=\"elementor-element elementor-element-ed0ed17 e-con-full e-flex e-con e-child\" data-id=\"ed0ed17\" data-element_type=\"container\">\n\t\t\t\t<div class=\"elementor-element elementor-element-faf0431 elementor-widget elementor-widget-heading\" data-id=\"faf0431\" data-element_type=\"widget\" data-widget_type=\"heading.default\">\n\t\t\t\t<div class=\"elementor-widget-container\">\n\t\t\t<h2 class=\"elementor-heading-title elementor-size-default\">Convivialit\u00e9<\/h2>\t\t<\/div>\n\t\t\t\t<\/div>\n\t\t\t\t<div class=\"elementor-element elementor-element-fb57fe4 elementor-widget elementor-widget-image\" data-id=\"fb57fe4\" data-element_type=\"widget\" data-widget_type=\"image.default\">\n\t\t\t\t<div class=\"elementor-widget-container\">\n\t\t\t\t\t\t\t\t\t\t\t\t\t<img loading=\"lazy\" decoding=\"async\" width=\"38\" height=\"46\" src=\"https:\/\/spos-aix.fr\/wp-content\/uploads\/2025\/03\/noun-fun-6913339-1.png\" class=\"attachment-large size-large wp-image-83\" alt=\"\" \/>\t\t\t\t\t\t\t\t\t\t\t\t\t<\/div>\n\t\t\t\t<\/div>\n\t\t\t\t<\/div>\n\t\t\t\t<\/div>\n\t\t<div class=\"elementor-element elementor-element-1482296 e-con-full e-flex e-con e-child\" data-id=\"1482296\" data-element_type=\"container\">\n\t\t\t\t<div class=\"elementor-element elementor-element-a1e74a5 elementor-widget elementor-widget-text-editor\" data-id=\"a1e74a5\" data-element_type=\"widget\" data-widget_type=\"text-editor.default\">\n\t\t\t\t<div class=\"elementor-widget-container\">\n\t\t\t\t\t\t\t<p>Encourager l\u2019entraide et l\u2019\u00e9change entre professionnels.<\/p>\t\t\t\t\t\t<\/div>\n\t\t\t\t<\/div>\n\t\t<div class=\"elementor-element elementor-element-bc48fa1 e-con-full e-flex e-con e-child\" data-id=\"bc48fa1\" data-element_type=\"container\">\n\t\t\t\t<div class=\"elementor-element elementor-element-7f1528c elementor-widget elementor-widget-heading\" data-id=\"7f1528c\" data-element_type=\"widget\" data-widget_type=\"heading.default\">\n\t\t\t\t<div class=\"elementor-widget-container\">\n\t\t\t<h2 class=\"elementor-heading-title elementor-size-default\">Confraternit\u00e9<\/h2>\t\t<\/div>\n\t\t\t\t<\/div>\n\t\t\t\t<div class=\"elementor-element elementor-element-d8fd9a3 elementor-widget elementor-widget-image\" data-id=\"d8fd9a3\" data-element_type=\"widget\" data-widget_type=\"image.default\">\n\t\t\t\t<div class=\"elementor-widget-container\">\n\t\t\t\t\t\t\t\t\t\t\t\t\t<img loading=\"lazy\" decoding=\"async\" width=\"38\" height=\"46\" src=\"https:\/\/spos-aix.fr\/wp-content\/uploads\/2025\/03\/noun-fun-6913339-1.png\" class=\"attachment-large size-large wp-image-83\" alt=\"\" \/>\t\t\t\t\t\t\t\t\t\t\t\t\t<\/div>\n\t\t\t\t<\/div>\n\t\t\t\t<\/div>\n\t\t\t\t<\/div>\n\t\t<div class=\"elementor-element elementor-element-9c2f590 e-con-full e-flex e-con e-child\" data-id=\"9c2f590\" data-element_type=\"container\">\n\t\t\t\t<div class=\"elementor-element elementor-element-33d1890 elementor-widget elementor-widget-text-editor\" data-id=\"33d1890\" data-element_type=\"widget\" data-widget_type=\"text-editor.default\">\n\t\t\t\t<div class=\"elementor-widget-container\">\n\t\t\t\t\t\t\t<p><span style=\"white-space-collapse: preserve;\">Offrir un contenu de qualit\u00e9 pour am\u00e9liorer les pratiques.<\/span><\/p>\t\t\t\t\t\t<\/div>\n\t\t\t\t<\/div>\n\t\t<div class=\"elementor-element elementor-element-2ae16d0 e-con-full e-flex e-con e-child\" data-id=\"2ae16d0\" data-element_type=\"container\">\n\t\t\t\t<div class=\"elementor-element elementor-element-50f17c9 elementor-widget elementor-widget-heading\" data-id=\"50f17c9\" data-element_type=\"widget\" data-widget_type=\"heading.default\">\n\t\t\t\t<div class=\"elementor-widget-container\">\n\t\t\t<h2 class=\"elementor-heading-title elementor-size-default\">Formation<\/h2>\t\t<\/div>\n\t\t\t\t<\/div>\n\t\t\t\t<div class=\"elementor-element elementor-element-3e81dc8 elementor-widget elementor-widget-image\" data-id=\"3e81dc8\" data-element_type=\"widget\" data-widget_type=\"image.default\">\n\t\t\t\t<div class=\"elementor-widget-container\">\n\t\t\t\t\t\t\t\t\t\t\t\t\t<img loading=\"lazy\" decoding=\"async\" width=\"38\" height=\"46\" src=\"https:\/\/spos-aix.fr\/wp-content\/uploads\/2025\/03\/noun-fun-6913339-1.png\" class=\"attachment-large size-large wp-image-83\" alt=\"\" \/>\t\t\t\t\t\t\t\t\t\t\t\t\t<\/div>\n\t\t\t\t<\/div>\n\t\t\t\t<\/div>\n\t\t\t\t<\/div>\n\t\t\t\t<\/div>\n\t\t\t\t<\/div>\n\t\t\t\t<div class=\"elementor-element elementor-element-73af0a9 elementor-widget elementor-widget-image\" data-id=\"73af0a9\" data-element_type=\"widget\" data-widget_type=\"image.default\">\n\t\t\t\t<div class=\"elementor-widget-container\">\n\t\t\t\t\t\t\t\t\t\t\t\t\t<img loading=\"lazy\" decoding=\"async\" width=\"839\" height=\"1024\" src=\"https:\/\/spos-aix.fr\/wp-content\/uploads\/2025\/03\/viktor-hesse-E6PDlAwJJ5Y-unsplash-1-839x1024.jpg\" class=\"attachment-large size-large wp-image-74\" alt=\"\" srcset=\"https:\/\/spos-aix.fr\/wp-content\/uploads\/2025\/03\/viktor-hesse-E6PDlAwJJ5Y-unsplash-1-839x1024.jpg 839w, https:\/\/spos-aix.fr\/wp-content\/uploads\/2025\/03\/viktor-hesse-E6PDlAwJJ5Y-unsplash-1-246x300.jpg 246w, https:\/\/spos-aix.fr\/wp-content\/uploads\/2025\/03\/viktor-hesse-E6PDlAwJJ5Y-unsplash-1-768x937.jpg 768w, https:\/\/spos-aix.fr\/wp-content\/uploads\/2025\/03\/viktor-hesse-E6PDlAwJJ5Y-unsplash-1-1259x1536.jpg 1259w, https:\/\/spos-aix.fr\/wp-content\/uploads\/2025\/03\/viktor-hesse-E6PDlAwJJ5Y-unsplash-1-1679x2048.jpg 1679w, https:\/\/spos-aix.fr\/wp-content\/uploads\/2025\/03\/viktor-hesse-E6PDlAwJJ5Y-unsplash-1-533x650.jpg 533w, https:\/\/spos-aix.fr\/wp-content\/uploads\/2025\/03\/viktor-hesse-E6PDlAwJJ5Y-unsplash-1.jpg 2000w\" sizes=\"(max-width: 839px) 100vw, 839px\" \/>\t\t\t\t\t\t\t\t\t\t\t\t\t<\/div>\n\t\t\t\t<\/div>\n\t\t\t\t<\/div>\n\t\t\t\t<\/div>\n\t\t\t\t<\/div>\n\t\t<div class=\"elementor-element elementor-element-583409b e-con-full e-flex e-con e-parent\" data-id=\"583409b\" data-element_type=\"container\" data-core-v316-plus=\"true\">\n\t\t\t\t<div class=\"elementor-element elementor-element-8cdaa28 elementor-widget elementor-widget-html\" data-id=\"8cdaa28\" data-element_type=\"widget\" data-widget_type=\"html.default\">\n\t\t\t\t<div class=\"elementor-widget-container\">\n\t\t\t<iframe width=\"540\" height=\"500\" src=\"https:\/\/153c170c.sibforms.com\/serve\/MUIFAHuva6C0RLl0sVPUifUmwzewzNNacgTBC9MIv5En704ffnLuieU13J09w6EoMPjJMBomHCoF1WJ6PqZCho7w72RIcjz0xqkQeLpVgPCxJU7xdOiaLNxUTl2HH8T1NuNcm1JPpHeBc3zjQ7xfJ4lD2n1NEKn-vLo9PTeyqYhPyTjRxBuq-QzGzbaDF3V3DjBRdv_duW2tU5lx\" frameborder=\"0\" scrolling=\"auto\" allowfullscreen style=\"display: block;margin-left: auto;margin-right: auto;max-width: 100%;\"><\/iframe>\t\t<\/div>\n\t\t\t\t<\/div>\n\t\t\t\t<\/div>\n\t\t\t\t<\/div>\n\t\t","protected":false},"excerpt":{"rendered":"<p>F\u00e9d\u00e9rer les chirurgiens-dentistes autour de l\u2019excellence et du partage Notre mission Une association \u00e0 taille humaine pour des chirurgiens-dentistes engag\u00e9s Nos congr\u00e9s [&hellip;]<\/p>\n","protected":false},"author":1,"featured_media":0,"parent":0,"menu_order":0,"comment_status":"closed","ping_status":"closed","template":"","meta":{"footnotes":""},"class_list":["post-8","page","type-page","status-publish","hentry"],"_links":{"self":[{"href":"https:\/\/spos-aix.fr\/index.php?rest_route=\/wp\/v2\/pages\/8","targetHints":{"allow":["GET"]}}],"collection":[{"href":"https:\/\/spos-aix.fr\/index.php?rest_route=\/wp\/v2\/pages"}],"about":[{"href":"https:\/\/spos-aix.fr\/index.php?rest_route=\/wp\/v2\/types\/page"}],"author":[{"embeddable":true,"href":"https:\/\/spos-aix.fr\/index.php?rest_route=\/wp\/v2\/users\/1"}],"replies":[{"embeddable":true,"href":"https:\/\/spos-aix.fr\/index.php?rest_route=%2Fwp%2Fv2%2Fcomments&post=8"}],"version-history":[{"count":131,"href":"https:\/\/spos-aix.fr\/index.php?rest_route=\/wp\/v2\/pages\/8\/revisions"}],"predecessor-version":[{"id":406,"href":"https:\/\/spos-aix.fr\/index.php?rest_route=\/wp\/v2\/pages\/8\/revisions\/406"}],"wp:attachment":[{"href":"https:\/\/spos-aix.fr\/index.php?rest_route=%2Fwp%2Fv2%2Fmedia&parent=8"}],"curies":[{"name":"wp","href":"https:\/\/api.w.org\/{rel}","templated":true}]}}